{"id":325,"date":"2017-01-18T08:39:17","date_gmt":"2017-01-18T08:39:17","guid":{"rendered":"http:\/\/kolping-wolfenschiessen.ch\/?page_id=325"},"modified":"2025-12-06T17:33:27","modified_gmt":"2025-12-06T17:33:27","slug":"tatico-kaffee","status":"publish","type":"page","link":"https:\/\/kolping-wolfenschiessen.ch\/?page_id=325","title":{"rendered":"Tatico Kaffee"},"content":{"rendered":"<p><strong>Helfen mit Genuss<\/strong><\/p>\n<p><span style=\"font-family: 'Arial','sans-serif';\">Hilfe zur Selbsthilfe ist ein zentrales Anliegen von Kolping Schweiz und seiner Projektarbeit. Die Zusammenarbeit mit den Kaffeebauern im mexikanischen Hochland ist ein gutes Beispiel f\u00fcr diesen Grundsatz.<br \/>\nDas Dorf Majoval ist eine rund 800 Einwohner z\u00e4hlende Bauerngemeinschaft, welche ausschliesslich vom Kaffeeanbau lebt. Armut und Kindersterblichkeit sind hoch, dazu kommt eine stete Abwanderung von jungen Bewohnern in die St\u00e4dte.<br \/>\nUm diesen Menschen zu helfen, hat Kolping Schweiz mit der ans\u00e4ssigen Bauerngenossenschaft einen Abnahmevertrag geschlossen, der den \u00fcblichen Zwischenhandel ausschliesst. Den Bauern in Majoval werden so Preise garantiert, die bis zu 50% \u00fcber dem sonst \u00fcblichen Niveau liegen. Zus\u00e4tzlich ersparen sich die Bauern horrende Wucherzinsen, welche die Zwischenh\u00e4ndler auf kurzfristige Kredite erheben.<br \/>\nKaffee kann bezogen werden bei:<br \/>\nLisbeth N\u00e4pflin oder Eisenhandlung, Hauptstrasse 12, Wolfenschiessen<br \/>\n<\/span><\/p>\n","protected":false},"excerpt":{"rendered":"<p>Helfen mit Genuss Hilfe zur Selbsthilfe ist ein zentrales Anliegen von Kolping Schweiz und seiner Projektarbeit. Die Zusammenarbeit mit den Kaffeebauern im mexikanischen Hochland ist ein gutes Beispiel f\u00fcr diesen Grundsatz. Das Dorf Majoval ist eine rund 800 Einwohner z\u00e4hlende Bauerngemeinschaft, welche ausschliesslich vom Kaffeeanbau lebt. Armut und Kindersterblichkeit sind hoch, dazu kommt eine stete &hellip; <a href=\"https:\/\/kolping-wolfenschiessen.ch\/?page_id=325\" class=\"more-link\"><span class=\"screen-reader-text\">Tatico Kaffee<\/span> weiterlesen <span class=\"meta-nav\">&rarr;<\/span><\/a><\/p>\n","protected":false},"author":1,"featured_media":0,"parent":274,"menu_order":5,"comment_status":"closed","ping_status":"open","template":"","meta":{"footnotes":""},"class_list":["post-325","page","type-page","status-publish","hentry"],"_links":{"self":[{"href":"https:\/\/kolping-wolfenschiessen.ch\/index.php?rest_route=\/wp\/v2\/pages\/325","targetHints":{"allow":["GET"]}}],"collection":[{"href":"https:\/\/kolping-wolfenschiessen.ch\/index.php?rest_route=\/wp\/v2\/pages"}],"about":[{"href":"https:\/\/kolping-wolfenschiessen.ch\/index.php?rest_route=\/wp\/v2\/types\/page"}],"author":[{"embeddable":true,"href":"https:\/\/kolping-wolfenschiessen.ch\/index.php?rest_route=\/wp\/v2\/users\/1"}],"replies":[{"embeddable":true,"href":"https:\/\/kolping-wolfenschiessen.ch\/index.php?rest_route=%2Fwp%2Fv2%2Fcomments&post=325"}],"version-history":[{"count":1,"href":"https:\/\/kolping-wolfenschiessen.ch\/index.php?rest_route=\/wp\/v2\/pages\/325\/revisions"}],"predecessor-version":[{"id":326,"href":"https:\/\/kolping-wolfenschiessen.ch\/index.php?rest_route=\/wp\/v2\/pages\/325\/revisions\/326"}],"up":[{"embeddable":true,"href":"https:\/\/kolping-wolfenschiessen.ch\/index.php?rest_route=\/wp\/v2\/pages\/274"}],"wp:attachment":[{"href":"https:\/\/kolping-wolfenschiessen.ch\/index.php?rest_route=%2Fwp%2Fv2%2Fmedia&parent=325"}],"curies":[{"name":"wp","href":"https:\/\/api.w.org\/{rel}","templated":true}]}}