{"id":891,"date":"2023-01-04T13:24:52","date_gmt":"2023-01-04T13:24:52","guid":{"rendered":"https:\/\/kolping-wolfenschiessen.ch\/?page_id=891"},"modified":"2025-12-06T17:33:27","modified_gmt":"2025-12-06T17:33:27","slug":"unser-partner","status":"publish","type":"page","link":"https:\/\/kolping-wolfenschiessen.ch\/?page_id=891","title":{"rendered":"Unser Partner"},"content":{"rendered":"\n<p>Unterst\u00fctzen Sie uns und profitieren Sie. <br>Alle Details siehe Flyer. Herzlichen Dank f\u00fcr die Unterst\u00fctzung<\/p>\n\n\n\n<div data-wp-interactive=\"core\/file\" class=\"wp-block-file\"><object data-wp-bind--hidden=\"!state.hasPdfPreview\" hidden class=\"wp-block-file__embed\" data=\"https:\/\/kolping-wolfenschiessen.ch\/wp-content\/uploads\/2023\/01\/AVIA_Vereinskarte_Flyer_Vereinsmitglieder_A5_DE_RZ-1.pdf\" type=\"application\/pdf\" style=\"width:100%;height:600px\" aria-label=\"Einbettung von Einbettung von AVIA_Vereinskarte_Flyer_Vereinsmitglieder_A5_DE_RZ-1..\"><\/object><a id=\"wp-block-file--media-15fa2739-b715-4cad-af9b-6445d1b524c7\" href=\"https:\/\/kolping-wolfenschiessen.ch\/wp-content\/uploads\/2023\/01\/AVIA_Vereinskarte_Flyer_Vereinsmitglieder_A5_DE_RZ-1.pdf\">AVIA_Vereinskarte_Flyer_Vereinsmitglieder_A5_DE_RZ-1<\/a><a href=\"https:\/\/kolping-wolfenschiessen.ch\/wp-content\/uploads\/2023\/01\/AVIA_Vereinskarte_Flyer_Vereinsmitglieder_A5_DE_RZ-1.pdf\" class=\"wp-block-file__button\" download aria-describedby=\"wp-block-file--media-15fa2739-b715-4cad-af9b-6445d1b524c7\">Herunterladen<\/a><\/div>\n","protected":false},"excerpt":{"rendered":"<p>Unterst\u00fctzen Sie uns und profitieren Sie. Alle Details siehe Flyer. Herzlichen Dank f\u00fcr die Unterst\u00fctzung<\/p>\n","protected":false},"author":1,"featured_media":0,"parent":0,"menu_order":3,"comment_status":"closed","ping_status":"closed","template":"","meta":{"footnotes":""},"class_list":["post-891","page","type-page","status-publish","hentry"],"_links":{"self":[{"href":"https:\/\/kolping-wolfenschiessen.ch\/index.php?rest_route=\/wp\/v2\/pages\/891","targetHints":{"allow":["GET"]}}],"collection":[{"href":"https:\/\/kolping-wolfenschiessen.ch\/index.php?rest_route=\/wp\/v2\/pages"}],"about":[{"href":"https:\/\/kolping-wolfenschiessen.ch\/index.php?rest_route=\/wp\/v2\/types\/page"}],"author":[{"embeddable":true,"href":"https:\/\/kolping-wolfenschiessen.ch\/index.php?rest_route=\/wp\/v2\/users\/1"}],"replies":[{"embeddable":true,"href":"https:\/\/kolping-wolfenschiessen.ch\/index.php?rest_route=%2Fwp%2Fv2%2Fcomments&post=891"}],"version-history":[{"count":2,"href":"https:\/\/kolping-wolfenschiessen.ch\/index.php?rest_route=\/wp\/v2\/pages\/891\/revisions"}],"predecessor-version":[{"id":894,"href":"https:\/\/kolping-wolfenschiessen.ch\/index.php?rest_route=\/wp\/v2\/pages\/891\/revisions\/894"}],"wp:attachment":[{"href":"https:\/\/kolping-wolfenschiessen.ch\/index.php?rest_route=%2Fwp%2Fv2%2Fmedia&parent=891"}],"curies":[{"name":"wp","href":"https:\/\/api.w.org\/{rel}","templated":true}]}}